{"id":174,"date":"2015-12-21T10:00:09","date_gmt":"2015-12-21T09:00:09","guid":{"rendered":"http:\/\/www.mp-logistics.eu\/?page_id=174&#038;lang=nl"},"modified":"2016-03-11T13:49:45","modified_gmt":"2016-03-11T12:49:45","slug":"certificeringen","status":"publish","type":"page","link":"https:\/\/www.mp-logistics.eu\/de\/zertifizierungen\/","title":{"rendered":"Zertifizierungen"},"content":{"rendered":"<p>MP-Logistics Limited\u00a0ist eine eingetragene Firma in die &#8222;Stichting Normering Arbeid&#8220; (<a href=\"http:\/\/www.normeringarbeid.nl\" target=\"_blank\">www.normeringarbeid.nl<\/a>), ist f\u00fcr NEN 4400-2 zertifiziert und eignet sich (mit Anzahl Kiwa\/P &amp; V\/2012-1232) als Institution nach Artikel 14 Gesetz G\u00fcterkraftverkehr f\u00fcr die Nutzung der Bedienstete auf Zeit im Bereich der professionellen Transport des G\u00fcterkraftverkehrs.<\/p>\n<p><a href=\"http:\/\/www.normeringarbeid.nl\" target=\"_blank\"><img loading=\"lazy\" class=\"wp-image-324 aligncenter\" src=\"http:\/\/www.mp-logistics.eu\/wp-content\/uploads\/2015\/12\/MP-Logistics_logo_SNA-300x300.jpg\" alt=\"MP Logistics Limited - Logo SNA\" width=\"200\" height=\"200\" srcset=\"https:\/\/www.mp-logistics.eu\/wp-content\/uploads\/2015\/12\/MP-Logistics_logo_SNA-300x300.jpg 300w, https:\/\/www.mp-logistics.eu\/wp-content\/uploads\/2015\/12\/MP-Logistics_logo_SNA-150x150.jpg 150w, https:\/\/www.mp-logistics.eu\/wp-content\/uploads\/2015\/12\/MP-Logistics_logo_SNA.jpg 350w\" sizes=\"(max-width: 200px) 100vw, 200px\" \/><\/a><\/p>","protected":false},"excerpt":{"rendered":"<p>MP-Logistics Limited\u00a0ist eine eingetragene Firma in die &#8222;Stichting Normering Arbeid&#8220; (www.normeringarbeid.nl), ist f\u00fcr NEN 4400-2 zertifiziert und eignet sich (mit Anzahl Kiwa\/P &amp; V\/2012-1232) als Institution nach Artikel 14 Gesetz G\u00fcterkraftverkehr f\u00fcr die Nutzung der Bedienstete auf Zeit im Bereich der professionellen Transport des G\u00fcterkraftverkehrs.<\/p>\n","protected":false},"author":1,"featured_media":0,"parent":0,"menu_order":0,"comment_status":"closed","ping_status":"closed","template":"","meta":[],"categories":[],"tags":[],"acf":[],"_links":{"self":[{"href":"https:\/\/www.mp-logistics.eu\/de\/wp-json\/wp\/v2\/pages\/174"}],"collection":[{"href":"https:\/\/www.mp-logistics.eu\/de\/wp-json\/wp\/v2\/pages"}],"about":[{"href":"https:\/\/www.mp-logistics.eu\/de\/wp-json\/wp\/v2\/types\/page"}],"author":[{"embeddable":true,"href":"https:\/\/www.mp-logistics.eu\/de\/wp-json\/wp\/v2\/users\/1"}],"replies":[{"embeddable":true,"href":"https:\/\/www.mp-logistics.eu\/de\/wp-json\/wp\/v2\/comments?post=174"}],"version-history":[{"count":5,"href":"https:\/\/www.mp-logistics.eu\/de\/wp-json\/wp\/v2\/pages\/174\/revisions"}],"predecessor-version":[{"id":340,"href":"https:\/\/www.mp-logistics.eu\/de\/wp-json\/wp\/v2\/pages\/174\/revisions\/340"}],"wp:attachment":[{"href":"https:\/\/www.mp-logistics.eu\/de\/wp-json\/wp\/v2\/media?parent=174"}],"wp:term":[{"taxonomy":"category","embeddable":true,"href":"https:\/\/www.mp-logistics.eu\/de\/wp-json\/wp\/v2\/categories?post=174"},{"taxonomy":"post_tag","embeddable":true,"href":"https:\/\/www.mp-logistics.eu\/de\/wp-json\/wp\/v2\/tags?post=174"}],"curies":[{"name":"wp","href":"https:\/\/api.w.org\/{rel}","templated":true}]}}