{"id":170,"date":"2015-12-21T09:58:44","date_gmt":"2015-12-21T08:58:44","guid":{"rendered":"http:\/\/www.mp-logistics.eu\/?page_id=170&#038;lang=nl"},"modified":"2016-04-28T09:19:02","modified_gmt":"2016-04-28T08:19:02","slug":"transport-en-logistics","status":"publish","type":"page","link":"https:\/\/www.mp-logistics.eu\/es\/transporte-y-logistica\/","title":{"rendered":"Transporte y Log\u00edstica"},"content":{"rendered":"<p>MP-Logistics Limited env\u00eda sus camioneros a muchos clients en la Uni\u00f3n Europea. MP-Logistics Limited colabora con empresas holandesas, alemanas, belgas, francesas, espa\u00f1olas y polacas y dispone de aproximadamente 100 camioneros que en este momento est\u00e1n trabajando por toda la Uni\u00f3n Europea.<\/p>\n<p>Cada camionero de MP-Logistics tiene buena experiencia en el sector del transporte. Entre ellos hay algunos que est\u00e1n especializados en un sector espec\u00edfico del transporte. Todos ellos hablan alem\u00e1n, holand\u00e9s y\/o ingl\u00e9s, aparte de su idioma nativo (polaco, franc\u00e9s o espa\u00f1ol) en un nivel comunicativo.<\/p>\n<h3>Seguro Europeo<\/h3>\n<p>Durante el \u201coutsourcing\u201d, MP-Logistics ofrece a los camioneros que han sido contratados con contratos indefinidos, un seguro de salud con cobertura europea, para que los clientes no incurran gastos adicionales asociados con los servicios que se le est\u00e1n prestando.<\/p>\n<p>MP-Logistics ofrece a sus clientes personal de administraci\u00f3n especializada que dominan con fluidez el ingl\u00e9s, alem\u00e1n, holand\u00e9s, espa\u00f1ol y franc\u00e9s, lo que optimiza el tiempo laboral y el entrenamiento de los trabajadores.<\/p>\n<h3>Efecto provechoso<\/h3>\n<p>Con MP-Logistics y sus socios de negocios:<\/p>\n<ul>\n<li>Se reducen los gastos para el personal y otras personas;<\/li>\n<li>Se explotan completamente las posibilidades de transporte;<\/li>\n<li>Se obtiene la flexibilidad de la ejecuci\u00f3n de los pedidos.<\/li>\n<\/ul>\n<p>MP-Logistics garantiza el profesionalismo y los servicios de alta calidad.<\/p>","protected":false},"excerpt":{"rendered":"<p>MP-Logistics Limited env\u00eda sus camioneros a muchos clients en la Uni\u00f3n Europea. MP-Logistics Limited colabora con empresas holandesas, alemanas, belgas, francesas, espa\u00f1olas y polacas y dispone de aproximadamente 100 camioneros que en este momento est\u00e1n trabajando por toda la Uni\u00f3n Europea. Cada camionero de MP-Logistics tiene buena experiencia en el sector del transporte. Entre ellos [&hellip;]<\/p>\n","protected":false},"author":1,"featured_media":0,"parent":0,"menu_order":0,"comment_status":"closed","ping_status":"closed","template":"","meta":[],"categories":[],"tags":[],"acf":[],"_links":{"self":[{"href":"https:\/\/www.mp-logistics.eu\/es\/wp-json\/wp\/v2\/pages\/170"}],"collection":[{"href":"https:\/\/www.mp-logistics.eu\/es\/wp-json\/wp\/v2\/pages"}],"about":[{"href":"https:\/\/www.mp-logistics.eu\/es\/wp-json\/wp\/v2\/types\/page"}],"author":[{"embeddable":true,"href":"https:\/\/www.mp-logistics.eu\/es\/wp-json\/wp\/v2\/users\/1"}],"replies":[{"embeddable":true,"href":"https:\/\/www.mp-logistics.eu\/es\/wp-json\/wp\/v2\/comments?post=170"}],"version-history":[{"count":5,"href":"https:\/\/www.mp-logistics.eu\/es\/wp-json\/wp\/v2\/pages\/170\/revisions"}],"predecessor-version":[{"id":370,"href":"https:\/\/www.mp-logistics.eu\/es\/wp-json\/wp\/v2\/pages\/170\/revisions\/370"}],"wp:attachment":[{"href":"https:\/\/www.mp-logistics.eu\/es\/wp-json\/wp\/v2\/media?parent=170"}],"wp:term":[{"taxonomy":"category","embeddable":true,"href":"https:\/\/www.mp-logistics.eu\/es\/wp-json\/wp\/v2\/categories?post=170"},{"taxonomy":"post_tag","embeddable":true,"href":"https:\/\/www.mp-logistics.eu\/es\/wp-json\/wp\/v2\/tags?post=170"}],"curies":[{"name":"wp","href":"https:\/\/api.w.org\/{rel}","templated":true}]}}