{"id":170,"date":"2015-12-21T09:58:44","date_gmt":"2015-12-21T08:58:44","guid":{"rendered":"http:\/\/www.mp-logistics.eu\/?page_id=170&#038;lang=nl"},"modified":"2016-04-28T09:19:02","modified_gmt":"2016-04-28T08:19:02","slug":"transport-en-logistics","status":"publish","type":"page","link":"https:\/\/www.mp-logistics.eu\/fr\/transport-et-logistique\/","title":{"rendered":"Transport et Logistique"},"content":{"rendered":"<p>MP-LogisticsLimited envoient ses camionneurs \u00e0 beaucoup de clients dans l\u2019Union Europ\u00e9enne. MP-LogisticsLimited coop\u00e8re avec des entreprises hollandaises, allemandes, belges, fran\u00e7aises, espagnoles et polonaises et en ce moment a environs 100 camionneurs qui travaillent dans toute l\u2019Union Europ\u00e9enne.<\/p>\n<p>Chaque camionneur de MP-Logistics a une bonne exp\u00e9rience de transport. Quelques-uns se sont sp\u00e9cialis\u00e9s dans un secteur sp\u00e9cifique du transport. Tous les camionneurs parlent allemand, hollandais, y\/ou anglais en plus de leur langue maternelle (polonais, fran\u00e7ais ou espagnol) \u00e0 un niveau communicatif.<\/p>\n<h3>Assurance Europ\u00e9enne<\/h3>\n<p>Dans l\u2019outsourcing, MP-Logistics offre au personnel qui a \u00e9t\u00e9 contrat\u00e9 avec permanence, une assurance maladie avec couverture europ\u00e9enne, pour que les clients n\u2019encourent pas de frais additionnels associ\u00e9s avec les services qui les ont \u00e9t\u00e9 rendus.<\/p>\n<p>MP-Logistics offre \u00e0 ses clients un cadre de management qui consiste de personnes qui parlent bien l\u2019anglais, l\u2019allemand, le hollandais, l\u2019espagnol et le fran\u00e7ais, ce qui optimise les horaires et l\u2019entrainement des employ\u00e9s.<\/p>\n<h3>Effet profitable<\/h3>\n<p>Avec MP-Logistics et ses associ\u00e9s commerciaux\u00a0:<\/p>\n<ul>\n<li>les frais du personnel et des autres vont \u00eatre r\u00e9duits;<\/li>\n<li>les possibilit\u00e9s de la flotte de transport vont \u00eatre exploit\u00e9es compl\u00e8tement;<\/li>\n<li>la flexibilit\u00e9 de l\u2019ex\u00e9cution des ordres va \u00eatre obtenue.<\/li>\n<\/ul>\n<p>MP-Logistics garantit le professionnalisme et la haute qualit\u00e9 des services.<\/p>","protected":false},"excerpt":{"rendered":"<p>MP-LogisticsLimited envoient ses camionneurs \u00e0 beaucoup de clients dans l\u2019Union Europ\u00e9enne. MP-LogisticsLimited coop\u00e8re avec des entreprises hollandaises, allemandes, belges, fran\u00e7aises, espagnoles et polonaises et en ce moment a environs 100 camionneurs qui travaillent dans toute l\u2019Union Europ\u00e9enne. Chaque camionneur de MP-Logistics a une bonne exp\u00e9rience de transport. Quelques-uns se sont sp\u00e9cialis\u00e9s dans un secteur sp\u00e9cifique [&hellip;]<\/p>\n","protected":false},"author":1,"featured_media":0,"parent":0,"menu_order":0,"comment_status":"closed","ping_status":"closed","template":"","meta":[],"categories":[],"tags":[],"acf":[],"_links":{"self":[{"href":"https:\/\/www.mp-logistics.eu\/fr\/wp-json\/wp\/v2\/pages\/170"}],"collection":[{"href":"https:\/\/www.mp-logistics.eu\/fr\/wp-json\/wp\/v2\/pages"}],"about":[{"href":"https:\/\/www.mp-logistics.eu\/fr\/wp-json\/wp\/v2\/types\/page"}],"author":[{"embeddable":true,"href":"https:\/\/www.mp-logistics.eu\/fr\/wp-json\/wp\/v2\/users\/1"}],"replies":[{"embeddable":true,"href":"https:\/\/www.mp-logistics.eu\/fr\/wp-json\/wp\/v2\/comments?post=170"}],"version-history":[{"count":5,"href":"https:\/\/www.mp-logistics.eu\/fr\/wp-json\/wp\/v2\/pages\/170\/revisions"}],"predecessor-version":[{"id":370,"href":"https:\/\/www.mp-logistics.eu\/fr\/wp-json\/wp\/v2\/pages\/170\/revisions\/370"}],"wp:attachment":[{"href":"https:\/\/www.mp-logistics.eu\/fr\/wp-json\/wp\/v2\/media?parent=170"}],"wp:term":[{"taxonomy":"category","embeddable":true,"href":"https:\/\/www.mp-logistics.eu\/fr\/wp-json\/wp\/v2\/categories?post=170"},{"taxonomy":"post_tag","embeddable":true,"href":"https:\/\/www.mp-logistics.eu\/fr\/wp-json\/wp\/v2\/tags?post=170"}],"curies":[{"name":"wp","href":"https:\/\/api.w.org\/{rel}","templated":true}]}}