{"id":170,"date":"2015-12-21T09:58:44","date_gmt":"2015-12-21T08:58:44","guid":{"rendered":"http:\/\/www.mp-logistics.eu\/?page_id=170&#038;lang=nl"},"modified":"2016-04-28T09:19:02","modified_gmt":"2016-04-28T08:19:02","slug":"transport-en-logistics","status":"publish","type":"page","link":"https:\/\/www.mp-logistics.eu\/pl\/transport-i-logistyka\/","title":{"rendered":"Transport i logistyka"},"content":{"rendered":"<p>Kierowcy naszej firmy wysy\u0142ani s\u0105 do firm partnerskich w Unii Europejskiej, gdzie \u015bwiadczona jest us\u0142uga transportowa w oparciu o lokaln\u0105 flot\u0119.<br \/>\nWsp\u00f3\u0142pracujemy z wieloma holenderskimi, niemieckimi, belgijskimi i francuskimi firmami, dysponujemy zespo\u0142em ok. 100 kierowc\u00f3w.<br \/>\nWszyscy nasi kierowcy posiadaj\u0105 szerokie do\u015bwiadczenie w transporcie mi\u0119dzynarodowym i w\u0142adaj\u0105 j\u0119zykiem niemieckim, angielskim, holenderskim lub francuskim na poziomie komunikatywnym.<\/p>\n<h3>Ubezpieczenie europejskimi<\/h3>\n<p>W ramach outsourcingu oferujemy kadr\u0119 zatrudnion\u0105 na umowach etatowych, zabezpieczon\u0105 ubezpieczeniami europejskimi, dzi\u0119ki czemu nasi Klienci nie ponosz\u0105 \u017cadnych dodatkowych koszt\u00f3w zwi\u0105zanych z \u015bwiadczeniem us\u0142ug na ich rzecz.<br \/>\nDo dyspozycji naszych Klient\u00f3w oddajemy wyspecjalizowan\u0105 kadr\u0119 kierownicz\u0105 p\u0142ynnie pos\u0142uguj\u0105c\u0105 si\u0119 j\u0119zykiem angielskim, niemieckim, holenderskim i francuskim, kt\u00f3ra zajmuje si\u0119 optymalizacj\u0105 czasu pracy oraz szkoleniem pracownik\u00f3w.<br \/>\nWsp\u00f3\u0142praca z MP Logistics Limited\u00a0podnosi konkurencyjno\u015b\u0107 w ka\u017cdym aspekcie prowadzenia dzia\u0142alno\u015bci.<\/p>\n<h3>Dzi\u0119ki MP Logistics Limited\u00a0nasi partnerzy:<\/h3>\n<ul>\n<li>ograniczaj\u0105 koszty personalne i inne,<\/li>\n<li>w pe\u0142ni wykorzystuj\u0105 mo\u017cliwo\u015bci floty transportowej,<\/li>\n<li>zyskuj\u0105 du\u017c\u0105 elastyczno\u015b\u0107 wykonywania zlece\u0144.<\/li>\n<\/ul>\n<p>Gwarantujemy profesjonalizm oraz wysok\u0105 jako\u015b\u0107 \u015bwiadczonych us\u0142ug.<\/p>","protected":false},"excerpt":{"rendered":"<p>Kierowcy naszej firmy wysy\u0142ani s\u0105 do firm partnerskich w Unii Europejskiej, gdzie \u015bwiadczona jest us\u0142uga transportowa w oparciu o lokaln\u0105 flot\u0119. Wsp\u00f3\u0142pracujemy z wieloma holenderskimi, niemieckimi, belgijskimi i francuskimi firmami, dysponujemy zespo\u0142em ok. 100 kierowc\u00f3w. Wszyscy nasi kierowcy posiadaj\u0105 szerokie do\u015bwiadczenie w transporcie mi\u0119dzynarodowym i w\u0142adaj\u0105 j\u0119zykiem niemieckim, angielskim, holenderskim lub francuskim na poziomie komunikatywnym. [&hellip;]<\/p>\n","protected":false},"author":1,"featured_media":0,"parent":0,"menu_order":0,"comment_status":"closed","ping_status":"closed","template":"","meta":[],"categories":[],"tags":[],"acf":[],"_links":{"self":[{"href":"https:\/\/www.mp-logistics.eu\/pl\/wp-json\/wp\/v2\/pages\/170"}],"collection":[{"href":"https:\/\/www.mp-logistics.eu\/pl\/wp-json\/wp\/v2\/pages"}],"about":[{"href":"https:\/\/www.mp-logistics.eu\/pl\/wp-json\/wp\/v2\/types\/page"}],"author":[{"embeddable":true,"href":"https:\/\/www.mp-logistics.eu\/pl\/wp-json\/wp\/v2\/users\/1"}],"replies":[{"embeddable":true,"href":"https:\/\/www.mp-logistics.eu\/pl\/wp-json\/wp\/v2\/comments?post=170"}],"version-history":[{"count":5,"href":"https:\/\/www.mp-logistics.eu\/pl\/wp-json\/wp\/v2\/pages\/170\/revisions"}],"predecessor-version":[{"id":370,"href":"https:\/\/www.mp-logistics.eu\/pl\/wp-json\/wp\/v2\/pages\/170\/revisions\/370"}],"wp:attachment":[{"href":"https:\/\/www.mp-logistics.eu\/pl\/wp-json\/wp\/v2\/media?parent=170"}],"wp:term":[{"taxonomy":"category","embeddable":true,"href":"https:\/\/www.mp-logistics.eu\/pl\/wp-json\/wp\/v2\/categories?post=170"},{"taxonomy":"post_tag","embeddable":true,"href":"https:\/\/www.mp-logistics.eu\/pl\/wp-json\/wp\/v2\/tags?post=170"}],"curies":[{"name":"wp","href":"https:\/\/api.w.org\/{rel}","templated":true}]}}