{"id":172,"date":"2015-12-21T09:59:16","date_gmt":"2015-12-21T08:59:16","guid":{"rendered":"http:\/\/www.mp-logistics.eu\/?page_id=172&#038;lang=nl"},"modified":"2016-02-10T12:33:31","modified_gmt":"2016-02-10T11:33:31","slug":"it-sector","status":"publish","type":"page","link":"https:\/\/www.mp-logistics.eu\/pl\/branza-ict\/","title":{"rendered":"Bran\u017ca ICT"},"content":{"rendered":"<p>MP Logistics Limited obecnie zapewnia pracownik\u00f3w ICT dla firm ulokowanych w Irlandii.<\/p>\n<p>Pracownicy s\u0105 zaanga\u017cowani w rozw\u00f3j system\u00f3w oraz stron internetowych dla naszych Klient\u00f3w.<\/p>","protected":false},"excerpt":{"rendered":"<p>MP Logistics Limited obecnie zapewnia pracownik\u00f3w ICT dla firm ulokowanych w Irlandii. Pracownicy s\u0105 zaanga\u017cowani w rozw\u00f3j system\u00f3w oraz stron internetowych dla naszych Klient\u00f3w.<\/p>\n","protected":false},"author":1,"featured_media":0,"parent":0,"menu_order":0,"comment_status":"closed","ping_status":"closed","template":"","meta":[],"categories":[],"tags":[],"acf":[],"_links":{"self":[{"href":"https:\/\/www.mp-logistics.eu\/pl\/wp-json\/wp\/v2\/pages\/172"}],"collection":[{"href":"https:\/\/www.mp-logistics.eu\/pl\/wp-json\/wp\/v2\/pages"}],"about":[{"href":"https:\/\/www.mp-logistics.eu\/pl\/wp-json\/wp\/v2\/types\/page"}],"author":[{"embeddable":true,"href":"https:\/\/www.mp-logistics.eu\/pl\/wp-json\/wp\/v2\/users\/1"}],"replies":[{"embeddable":true,"href":"https:\/\/www.mp-logistics.eu\/pl\/wp-json\/wp\/v2\/comments?post=172"}],"version-history":[{"count":3,"href":"https:\/\/www.mp-logistics.eu\/pl\/wp-json\/wp\/v2\/pages\/172\/revisions"}],"predecessor-version":[{"id":299,"href":"https:\/\/www.mp-logistics.eu\/pl\/wp-json\/wp\/v2\/pages\/172\/revisions\/299"}],"wp:attachment":[{"href":"https:\/\/www.mp-logistics.eu\/pl\/wp-json\/wp\/v2\/media?parent=172"}],"wp:term":[{"taxonomy":"category","embeddable":true,"href":"https:\/\/www.mp-logistics.eu\/pl\/wp-json\/wp\/v2\/categories?post=172"},{"taxonomy":"post_tag","embeddable":true,"href":"https:\/\/www.mp-logistics.eu\/pl\/wp-json\/wp\/v2\/tags?post=172"}],"curies":[{"name":"wp","href":"https:\/\/api.w.org\/{rel}","templated":true}]}}